{"id":2707,"date":"2025-10-30T19:53:54","date_gmt":"2025-10-30T19:53:54","guid":{"rendered":"https:\/\/greenliftproject.eu\/?page_id=2707"},"modified":"2026-02-05T14:08:30","modified_gmt":"2026-02-05T14:08:30","slug":"the-green-lift-consortium","status":"publish","type":"page","link":"https:\/\/greenliftproject.eu\/sv\/the-green-lift-consortium\/","title":{"rendered":"M\u00f6t projektets partners"},"content":{"rendered":"<div class=\"wp-block-media-text is-stacked-on-mobile\" style=\"grid-template-columns:20% auto\"><figure class=\"wp-block-media-text__media\"><img loading=\"lazy\" decoding=\"async\" width=\"1024\" height=\"195\" src=\"https:\/\/greenliftproject.eu\/wp\/wp-content\/uploads\/2025\/11\/hb_en_logo2_cmyk-1024x195.jpg\" alt=\"\" class=\"wp-image-2744 size-full\" srcset=\"https:\/\/greenliftproject.eu\/wp\/wp-content\/uploads\/2025\/11\/hb_en_logo2_cmyk-1024x195.jpg 1024w, https:\/\/greenliftproject.eu\/wp\/wp-content\/uploads\/2025\/11\/hb_en_logo2_cmyk-300x57.jpg 300w, https:\/\/greenliftproject.eu\/wp\/wp-content\/uploads\/2025\/11\/hb_en_logo2_cmyk-768x147.jpg 768w, https:\/\/greenliftproject.eu\/wp\/wp-content\/uploads\/2025\/11\/hb_en_logo2_cmyk-1536x293.jpg 1536w, https:\/\/greenliftproject.eu\/wp\/wp-content\/uploads\/2025\/11\/hb_en_logo2_cmyk-2048x391.jpg 2048w\" sizes=\"auto, (max-width: 1024px) 100vw, 1024px\" \/><\/figure><div class=\"wp-block-media-text__content\">\n<p>\"Textilh\u00f6gskolan vid H\u00f6gskolan i Bor\u00e5s \u00e4r en av v\u00e4rldens fr\u00e4msta modeskolor och bidrar starkt till att positionera Sverige som ledande inom h\u00e5llbart mode. Den \u00e4r en drivande kraft i utvecklingen av framtidens textilier. Bland alumnerna finns flera internationellt erk\u00e4nda designers. \n\nVerksamheten har sina r\u00f6tter i Bor\u00e5s l\u00e5nga och stolta tradition som centrum f\u00f6r svensk textilindustri. Redan 1866 startade Bor\u00e5s Tekniska V\u00e4fskola ett textilutbildningsprogram \u2013 en grundsten i Textilh\u00f6gskolan som i dag \u00e4r en globalt erk\u00e4nd akt\u00f6r inom textil och mode inom b\u00e5de utbildning och forskning.\n\nH\u00e4r finns unik kompetens inom textil- och modedesign, textilteknik samt textilt management. I de avancerade laboratoriemilj\u00f6erna bedrivs banbrytande forskning och samarbeten. Den textila milj\u00f6n \u00e4r huvudsakligen samlad i Textile Fashion Center i Bor\u00e5s \u2013 en kreativ m\u00f6tesplats d\u00e4r utbildning, n\u00e4ringsliv, industri och innovation samverkar under samma tak.\n\"<\/p>\n\n\n\n<p><a href=\"https:\/\/www.hb.se\/en\/the-swedish-school-of-textiles\/\">Partners webbplatser<\/a><\/p>\n<\/div><\/div>\n\n\n\n<div style=\"height:50px\" aria-hidden=\"true\" class=\"wp-block-spacer\"><\/div>\n\n\n\n<div class=\"wp-block-media-text is-stacked-on-mobile\" style=\"grid-template-columns:20% auto\"><figure class=\"wp-block-media-text__media\"><img loading=\"lazy\" decoding=\"async\" width=\"320\" height=\"76\" src=\"https:\/\/greenliftproject.eu\/wp\/wp-content\/uploads\/2025\/07\/kainotomia-logo-header.png\" alt=\"\" class=\"wp-image-2623 size-full\" srcset=\"https:\/\/greenliftproject.eu\/wp\/wp-content\/uploads\/2025\/07\/kainotomia-logo-header.png 320w, https:\/\/greenliftproject.eu\/wp\/wp-content\/uploads\/2025\/07\/kainotomia-logo-header-300x71.png 300w\" sizes=\"auto, (max-width: 320px) 100vw, 320px\" \/><\/figure><div class=\"wp-block-media-text__content\">\n<p>KAINOTOMIA \u00e4r en yrkesutbildningsinstitution som grundades 2013 av en grupp personer med expertis och ett livsl\u00e5ngt engagemang f\u00f6r l\u00e4rande. KAINOTOMIAs m\u00e5l \u00e4r att genomf\u00f6ra fortl\u00f6pande yrkesutbildningsprogram riktade till ungdomar, arbetsl\u00f6sa, l\u00e4rare p\u00e5 alla utbildningsniv\u00e5er, studenter inom h\u00f6gre utbildning, anst\u00e4llda\/egenf\u00f6retagare och utsatta sociala grupper (migranter, flyktingar, personer med funktionsneds\u00e4ttning) f\u00f6r att utveckla deras yrkesm\u00f6jligheter och fr\u00e4mja deras integration p\u00e5 arbetsmarknaden och i samh\u00e4llet i stort. KAINOTOMIA tillhandah\u00e5ller f\u00f6retagsr\u00e5dgivning till f\u00f6retag samt st\u00f6dtj\u00e4nster och konsulttj\u00e4nster till praktikanter f\u00f6r att underl\u00e4tta deras (\u00e5ter)intr\u00e4de p\u00e5 arbetsmarknaden. KAINOTOMIA har deltagit i flera nationella projekt och erbjuder en h\u00f6g grad av expertis inom utbildning i samtida omr\u00e5den, som matchas med de omr\u00e5den som har h\u00f6g efterfr\u00e5gan p\u00e5 arbetsmarknaden, i syfte att utveckla praktikanters kunskaper, f\u00e4rdigheter och attityder f\u00f6r att underl\u00e4tta deras integration p\u00e5 arbetsmarknaden. <\/p>\n\n\n\n<p><a href=\"https:\/\/kainotomia.com.gr\/en\/european-training-programs\/\">Partners webbplatser<\/a><\/p>\n<\/div><\/div>\n\n\n\n<div style=\"height:50px\" aria-hidden=\"true\" class=\"wp-block-spacer\"><\/div>\n\n\n\n<div class=\"wp-block-media-text is-stacked-on-mobile\" style=\"grid-template-columns:20% auto\"><figure class=\"wp-block-media-text__media\"><img loading=\"lazy\" decoding=\"async\" width=\"1024\" height=\"1024\" src=\"https:\/\/greenliftproject.eu\/wp\/wp-content\/uploads\/2025\/07\/LZsquare-logo-1024x1024.jpg\" alt=\"\" class=\"wp-image-2624 size-full\" srcset=\"https:\/\/greenliftproject.eu\/wp\/wp-content\/uploads\/2025\/07\/LZsquare-logo-1024x1024.jpg 1024w, https:\/\/greenliftproject.eu\/wp\/wp-content\/uploads\/2025\/07\/LZsquare-logo-300x300.jpg 300w, https:\/\/greenliftproject.eu\/wp\/wp-content\/uploads\/2025\/07\/LZsquare-logo-150x150.jpg 150w, https:\/\/greenliftproject.eu\/wp\/wp-content\/uploads\/2025\/07\/LZsquare-logo-768x768.jpg 768w, https:\/\/greenliftproject.eu\/wp\/wp-content\/uploads\/2025\/07\/LZsquare-logo-1536x1536.jpg 1536w, https:\/\/greenliftproject.eu\/wp\/wp-content\/uploads\/2025\/07\/LZsquare-logo-2048x2048.jpg 2048w, https:\/\/greenliftproject.eu\/wp\/wp-content\/uploads\/2025\/07\/LZsquare-logo-600x600.jpg 600w\" sizes=\"auto, (max-width: 1024px) 100vw, 1024px\" \/><\/figure><div class=\"wp-block-media-text__content\">\n<p>Lottozero \u00e4r ett internationellt centrum f\u00f6r textildesign, konst och kultur med s\u00e4te i Pratos historiska textildistrikt. Det fungerar b\u00e5de som konsultstudio och kreativt nav och omfattar en galleri- och utst\u00e4llningslokal, en gemensam coworkingstudio och ett fullt utrustat textillaboratorium f\u00f6r produktion, experiment och forskning. Lottozero grundades 2014 och har varit verksamt sedan 2017. Teamet best\u00e5r av fyra personer som arbetar f\u00f6r att fr\u00e4mja kreativitet, innovation och internationellt samarbete inom textilsektorn. Dess starka koppling till det lokala distriktet g\u00f6r det unikt, eftersom det bygger broar mellan traditionella textilf\u00f6retag och nya designers f\u00f6r att uppmuntra kreativt utbyte och en modern omtolkning av textilhantverket.<\/p>\n\n\n\n<p><a href=\"https:\/\/www.lottozero.org\/\">Partners webbplatser<\/a><\/p>\n<\/div><\/div>\n\n\n\n<div style=\"height:50px\" aria-hidden=\"true\" class=\"wp-block-spacer\"><\/div>\n\n\n\n<div class=\"wp-block-media-text is-stacked-on-mobile\" style=\"grid-template-columns:20% auto\"><figure class=\"wp-block-media-text__media\"><img loading=\"lazy\" decoding=\"async\" width=\"825\" height=\"818\" src=\"https:\/\/greenliftproject.eu\/wp\/wp-content\/uploads\/2025\/10\/logo_uniwa_black.png\" alt=\"\" class=\"wp-image-2639 size-full\" srcset=\"https:\/\/greenliftproject.eu\/wp\/wp-content\/uploads\/2025\/10\/logo_uniwa_black.png 825w, https:\/\/greenliftproject.eu\/wp\/wp-content\/uploads\/2025\/10\/logo_uniwa_black-300x297.png 300w, https:\/\/greenliftproject.eu\/wp\/wp-content\/uploads\/2025\/10\/logo_uniwa_black-150x150.png 150w, https:\/\/greenliftproject.eu\/wp\/wp-content\/uploads\/2025\/10\/logo_uniwa_black-768x761.png 768w\" sizes=\"auto, (max-width: 825px) 100vw, 825px\" \/><\/figure><div class=\"wp-block-media-text__content\">\n<p>University of West Attica (UNIWA) \u00e4r ett dynamiskt offentligt universitet i Grekland som grundades 2018 genom en sammanslagning av tv\u00e5 stora tekniska institutioner. Det \u00e4r ett av landets st\u00f6rsta universitet med sex fakulteter och tjugosju institutioner som t\u00e4cker ett brett spektrum av discipliner, inklusive teknik, design, h\u00e4lsovetenskap, management och till\u00e4mpad konst.<br>UNIWA l\u00e4gger stor vikt vid forskning, innovation och internationellt samarbete och deltar aktivt i ett flertal europeiska och nationella projekt. Dess uppdrag \u00e4r att koppla samman akademin med n\u00e4ringslivet och samh\u00e4llet, fr\u00e4mja h\u00e5llbarhet, cirkul\u00e4r ekonomi och teknisk utveckling genom utbildning och till\u00e4mpad forskning.<\/p>\n\n\n\n<p><a href=\"http:\/\/www.uniwa.gr\" data-type=\"link\" data-id=\"www.uniwa.gr\">Partners webbplatser<\/a><\/p>\n<\/div><\/div>\n\n\n\n<div style=\"height:50px\" aria-hidden=\"true\" class=\"wp-block-spacer\"><\/div>\n\n\n\n<div class=\"wp-block-media-text is-stacked-on-mobile\" style=\"grid-template-columns:20% auto\"><figure class=\"wp-block-media-text__media\"><img loading=\"lazy\" decoding=\"async\" width=\"1024\" height=\"1024\" src=\"https:\/\/greenliftproject.eu\/wp\/wp-content\/uploads\/2025\/07\/meus-final-1024x1024.png\" alt=\"\" class=\"wp-image-2625 size-full\" srcset=\"https:\/\/greenliftproject.eu\/wp\/wp-content\/uploads\/2025\/07\/meus-final-1024x1024.png 1024w, https:\/\/greenliftproject.eu\/wp\/wp-content\/uploads\/2025\/07\/meus-final-300x300.png 300w, https:\/\/greenliftproject.eu\/wp\/wp-content\/uploads\/2025\/07\/meus-final-150x150.png 150w, https:\/\/greenliftproject.eu\/wp\/wp-content\/uploads\/2025\/07\/meus-final-768x768.png 768w, https:\/\/greenliftproject.eu\/wp\/wp-content\/uploads\/2025\/07\/meus-final-1536x1536.png 1536w, https:\/\/greenliftproject.eu\/wp\/wp-content\/uploads\/2025\/07\/meus-final-2048x2048.png 2048w, https:\/\/greenliftproject.eu\/wp\/wp-content\/uploads\/2025\/07\/meus-final-600x600.png 600w\" sizes=\"auto, (max-width: 1024px) 100vw, 1024px\" \/><\/figure><div class=\"wp-block-media-text__content\">\n<p>MEUS \u00e4r en privat organisation med s\u00e4te i Valencia, Spanien, vars m\u00e5l \u00e4r att f\u00f6rb\u00e4ttra m\u00e4nniskors f\u00f6rm\u00e5gor i deras milj\u00f6, b\u00e5de professionellt och privat, samt i alla skeden av livet, fr\u00e5n skolan till vuxenutbildning. I linje med den europeiska utbildningsstrategin arbetar MEUS med att utveckla nya utbildningsmaterial och metoder som \u00e4r anpassade till de olika m\u00e5len och behoven p\u00e5 den ekonomiska marknaden, f\u00f6r att f\u00f6rb\u00e4ttra integrationen p\u00e5 arbetsplatsen. MEUS \u00e4r expert p\u00e5 nya inl\u00e4rningsmetoder, baserade p\u00e5 deltagande och samarbetsinriktade s\u00e4tt att l\u00e4ra. Organisationens andra huvudfokus \u00e4r h\u00e5llbar utveckling, och den tar h\u00e4nsyn till milj\u00f6fr\u00e5gor samt h\u00e5llbar tillv\u00e4xt och lokal utveckling som en viktig del av sina uppdrag, och fr\u00e4mjar beteendef\u00f6r\u00e4ndringar i samh\u00e4llet f\u00f6r att anpassa sig till aktuella behov (h\u00e5llbar konsumtion, avfallsoptimering etc.). MEUS utforskar och fr\u00e4mjar h\u00e5llbara aff\u00e4rsmodeller och str\u00e4var efter att implementera b\u00e4sta praxis inom CSR. MEUS st\u00f6der starkt nya och v\u00e4xande sektorer av ekonomin och \u00e4r uppm\u00e4rksam p\u00e5 samh\u00e4llsf\u00f6r\u00e4ndringar. D\u00e4rf\u00f6r \u00e4r vi s\u00e4rskilt engagerade i fr\u00e5gor som gr\u00f6n ekonomi (och gr\u00f6na f\u00e4rdigheter), orange ekonomi (kultur), IKT, anpassning till den \u00e5ldrande befolkningen och nya demografiska s\u00e4rdrag som genererar h\u00f6gre efterfr\u00e5gan p\u00e5 personliga tj\u00e4nster etc.<\/p>\n\n\n\n<p><a href=\"https:\/\/meuskills.eu\">Partners webbplatser<\/a><\/p>\n<\/div><\/div>\n\n\n\n<div style=\"height:50px\" aria-hidden=\"true\" class=\"wp-block-spacer\"><\/div>\n\n\n\n<div class=\"wp-block-media-text is-stacked-on-mobile\" style=\"grid-template-columns:20% auto\"><figure class=\"wp-block-media-text__media\"><img loading=\"lazy\" decoding=\"async\" width=\"1024\" height=\"257\" src=\"https:\/\/greenliftproject.eu\/wp\/wp-content\/uploads\/2025\/10\/logo_rectangle_version_png-1024x257.png\" alt=\"\" class=\"wp-image-2710 size-full\" srcset=\"https:\/\/greenliftproject.eu\/wp\/wp-content\/uploads\/2025\/10\/logo_rectangle_version_png-1024x257.png 1024w, https:\/\/greenliftproject.eu\/wp\/wp-content\/uploads\/2025\/10\/logo_rectangle_version_png-300x75.png 300w, https:\/\/greenliftproject.eu\/wp\/wp-content\/uploads\/2025\/10\/logo_rectangle_version_png-768x193.png 768w, https:\/\/greenliftproject.eu\/wp\/wp-content\/uploads\/2025\/10\/logo_rectangle_version_png-1536x385.png 1536w, https:\/\/greenliftproject.eu\/wp\/wp-content\/uploads\/2025\/10\/logo_rectangle_version_png-2048x514.png 2048w\" sizes=\"auto, (max-width: 1024px) 100vw, 1024px\" \/><\/figure><div class=\"wp-block-media-text__content\">\n<p>Infinitivity Design Labs (IDL) \u00e4r en fransk design- och forskningsstudio med s\u00e4te i Le Puy-en-Velay. Den \u00e4r specialiserad p\u00e5 anv\u00e4ndarupplevelsedesign (UX), gamification, seri\u00f6sa spel och m\u00e4nniskocentrerad AI. IDL fokuserar p\u00e5 olika omr\u00e5den, bland annat digital transformation, design av inl\u00e4rningsupplevelser samt forskning och utveckling. Studion \u00e4r involverad i flera EU-forskningsprojekt och har f\u00e5tt m\u00e5nga internationella utm\u00e4rkelser f\u00f6r sina utbildningsprodukter. IDL erbjuder ocks\u00e5 konsulttj\u00e4nster inom informationsarkitektur, anv\u00e4ndartestning och designt\u00e4nkande.<\/p>\n\n\n\n<p><a href=\"https:\/\/infinitivitydesignlabs.com\/\">Partners webbplatser<\/a><\/p>\n<\/div><\/div>\n\n\n\n<div style=\"height:50px\" aria-hidden=\"true\" class=\"wp-block-spacer\"><\/div>\n\n\n\n<div class=\"wp-block-media-text is-stacked-on-mobile\" style=\"grid-template-columns:20% auto\"><figure class=\"wp-block-media-text__media\"><img loading=\"lazy\" decoding=\"async\" width=\"1024\" height=\"362\" src=\"https:\/\/greenliftproject.eu\/wp\/wp-content\/uploads\/2025\/07\/UPV_color-1024x362.png\" alt=\"\" class=\"wp-image-2628 size-full\" srcset=\"https:\/\/greenliftproject.eu\/wp\/wp-content\/uploads\/2025\/07\/UPV_color-1024x362.png 1024w, https:\/\/greenliftproject.eu\/wp\/wp-content\/uploads\/2025\/07\/UPV_color-300x106.png 300w, https:\/\/greenliftproject.eu\/wp\/wp-content\/uploads\/2025\/07\/UPV_color-768x271.png 768w, https:\/\/greenliftproject.eu\/wp\/wp-content\/uploads\/2025\/07\/UPV_color-1536x543.png 1536w, https:\/\/greenliftproject.eu\/wp\/wp-content\/uploads\/2025\/07\/UPV_color.png 1607w\" sizes=\"auto, (max-width: 1024px) 100vw, 1024px\" \/><\/figure><div class=\"wp-block-media-text__content\">\n<p>UPV \u00e4r en offentlig h\u00f6gskola som aktivt deltar i internationella samarbets- och mobilitetsprojekt. UPV har n\u00e4stan 30 000 studenter och syssels\u00e4tter \u00f6ver 4 000 personer (undervisnings-, forsknings- och administrativ personal). Det \u00e4r Spaniens fr\u00e4msta tekniska universitet enligt internationella rankningar (t.ex. Shanghai Ranking of World Universities) och erbjuder 45 grundutbildningsprogram, \u00f6ver 85 officiella masterprogram och 30 doktorandprogram. UPV har bred erfarenhet av Erasmus+-programmet och omfattar alla tre nyckel\u00e5tg\u00e4rderna. UPV deltar f\u00f6r n\u00e4rvarande i \u00f6ver 40 p\u00e5g\u00e5ende E+-projekt, b\u00e5de som partner och som samordnare. GIITEX (Grupo Gesti\u00f3n Integral de la Industria Textil) best\u00e5r av en grupp professorer som undervisar i olika kandidat- och masterprogram med anknytning till textilindustrin.<\/p>\n\n\n\n<p><a href=\"https:\/\/www.upv.es\/index-en.html\">Partners webbplatser<\/a><\/p>\n<\/div><\/div>\n\n\n\n<div style=\"height:50px\" aria-hidden=\"true\" class=\"wp-block-spacer\"><\/div>\n\n\n\n<div class=\"wp-block-media-text is-stacked-on-mobile\" style=\"grid-template-columns:20% auto\"><figure class=\"wp-block-media-text__media\"><img loading=\"lazy\" decoding=\"async\" width=\"300\" height=\"142\" src=\"https:\/\/greenliftproject.eu\/wp\/wp-content\/uploads\/2025\/07\/bettina-2.png\" alt=\"\" class=\"wp-image-2622 size-full\"\/><\/figure><div class=\"wp-block-media-text__content\">\n<p>BETTINA, grundat 1995, \u00e4r en ledande grekisk textilexport\u00f6r som specialiserar sig p\u00e5 h\u00f6gkvalitativa hemtextilier. F\u00f6retaget bedriver sin verksamhet fr\u00e5n en 65 hektar stor anl\u00e4ggning i Larissa, syssels\u00e4tter \u00f6ver 140 medarbetare och exporterar 100 % av sina produkter till EU-marknaderna. Dess integrerade produktionssystem omfattar stickning, f\u00e4rgning och efterbehandling, med en kapacitet p\u00e5 upp till 20 000 lakan per dag. BETTINA l\u00e4gger stor vikt vid utbildning av sina anst\u00e4llda, energieffektiva tekniker och h\u00e5llbara metoder, inklusive \u00e5tervinning av spillv\u00e4rme och milj\u00f6medveten resurshantering. F\u00f6retaget uppfyller str\u00e4nga europeiska standarder och har fem kvalitetscertifieringar, d\u00e4ribland den prestigefyllda STeP by OEKO-TEX\u00ae. Med ett starkt fokus p\u00e5 innovation, s\u00e4kerhet och milj\u00f6ansvar \u00e4r BETTINA ett f\u00f6red\u00f6me inom modern textiltillverkning i Europa.<\/p>\n\n\n\n<p><a href=\"https:\/\/www.seve.gr\/en\/company\/bettina-s-a\/\" data-type=\"link\" data-id=\"https:\/\/www.seve.gr\/en\/company\/bettina-s-a\/\">Partners webbplatser<\/a><\/p>\n<\/div><\/div>\n\n\n\n<p><\/p>","protected":false},"excerpt":{"rendered":"<p>The Swedish School of Textiles at the University of Bor\u00e5s is one of the world&#8217;s leading fashion schools. It is a strong contributor to Sweden\u2019s role as a leader in sustainable fashion and a driving force in the development of future textiles. Among its alumni are several internationally recognised designers. The school has its roots [&hellip;]<\/p>","protected":false},"author":6,"featured_media":0,"parent":0,"menu_order":0,"comment_status":"closed","ping_status":"closed","template":"","meta":{"footnotes":""},"class_list":["post-2707","page","type-page","status-publish","hentry"],"_links":{"self":[{"href":"https:\/\/greenliftproject.eu\/sv\/wp-json\/wp\/v2\/pages\/2707","targetHints":{"allow":["GET"]}}],"collection":[{"href":"https:\/\/greenliftproject.eu\/sv\/wp-json\/wp\/v2\/pages"}],"about":[{"href":"https:\/\/greenliftproject.eu\/sv\/wp-json\/wp\/v2\/types\/page"}],"author":[{"embeddable":true,"href":"https:\/\/greenliftproject.eu\/sv\/wp-json\/wp\/v2\/users\/6"}],"replies":[{"embeddable":true,"href":"https:\/\/greenliftproject.eu\/sv\/wp-json\/wp\/v2\/comments?post=2707"}],"version-history":[{"count":5,"href":"https:\/\/greenliftproject.eu\/sv\/wp-json\/wp\/v2\/pages\/2707\/revisions"}],"predecessor-version":[{"id":2847,"href":"https:\/\/greenliftproject.eu\/sv\/wp-json\/wp\/v2\/pages\/2707\/revisions\/2847"}],"wp:attachment":[{"href":"https:\/\/greenliftproject.eu\/sv\/wp-json\/wp\/v2\/media?parent=2707"}],"curies":[{"name":"wp","href":"https:\/\/api.w.org\/{rel}","templated":true}]}}