{"id":2632,"date":"2025-08-29T10:53:56","date_gmt":"2025-08-29T10:53:56","guid":{"rendered":"https:\/\/greenliftproject.eu\/?page_id=2632"},"modified":"2026-03-10T13:58:40","modified_gmt":"2026-03-10T13:58:40","slug":"om-projektet","status":"publish","type":"page","link":"https:\/\/greenliftproject.eu\/sv\/om-projektet\/","title":{"rendered":"Om projektet"},"content":{"rendered":"<p>GREEN-LIFT: St\u00e4rka TCLF-sektorerna genom gr\u00f6na och digital f\u00e4rdigheter<\/p>\n\n\n\n<div class=\"wp-block-media-text is-stacked-on-mobile\" style=\"grid-template-columns:15% auto\"><figure class=\"wp-block-media-text__media\"><img loading=\"lazy\" decoding=\"async\" width=\"1805\" height=\"1139\" src=\"https:\/\/greenliftproject.eu\/wp\/wp-content\/uploads\/2025\/10\/LOGO-NFF.png.webp\" alt=\"\" class=\"wp-image-2695 size-full\" srcset=\"https:\/\/greenliftproject.eu\/wp\/wp-content\/uploads\/2025\/10\/LOGO-NFF.png.webp 1805w, https:\/\/greenliftproject.eu\/wp\/wp-content\/uploads\/2025\/10\/LOGO-NFF.png-300x189.webp 300w, https:\/\/greenliftproject.eu\/wp\/wp-content\/uploads\/2025\/10\/LOGO-NFF.png-1024x646.webp 1024w, https:\/\/greenliftproject.eu\/wp\/wp-content\/uploads\/2025\/10\/LOGO-NFF.png-768x485.webp 768w, https:\/\/greenliftproject.eu\/wp\/wp-content\/uploads\/2025\/10\/LOGO-NFF.png-1536x969.webp 1536w\" sizes=\"auto, (max-width: 1805px) 100vw, 1805px\" \/><\/figure><div class=\"wp-block-media-text__content\">\n<p>No Fake Fashion \u00e4r ett Erasmus+ samarbetspartnerskap inom yrkesutbilning (Vocational Education and Training) som syftar till att utbilda sm\u00e5 och medelstora f\u00f6retag (SMF) inom modebranschen i kampen mot f\u00f6rfalskningar med hj\u00e4lp av modern teknik.<br>Projektreferens: 2024-1-RO01-KA220-VET-000243739<\/p>\n\n\n\n<p><a href=\"https:\/\/www.nofakefashion.com\/en\/\">Webbplatser<\/a><\/p>\n<\/div><\/div>\n\n\n\n<div class=\"wp-block-media-text is-stacked-on-mobile\" style=\"grid-template-columns:15% auto\"><figure class=\"wp-block-media-text__media\"><img loading=\"lazy\" decoding=\"async\" width=\"1024\" height=\"311\" src=\"https:\/\/greenliftproject.eu\/wp\/wp-content\/uploads\/2025\/10\/Logo_green_MAIN-1024x311.png\" alt=\"\" class=\"wp-image-2696 size-full\" srcset=\"https:\/\/greenliftproject.eu\/wp\/wp-content\/uploads\/2025\/10\/Logo_green_MAIN-1024x311.png 1024w, https:\/\/greenliftproject.eu\/wp\/wp-content\/uploads\/2025\/10\/Logo_green_MAIN-300x91.png 300w, https:\/\/greenliftproject.eu\/wp\/wp-content\/uploads\/2025\/10\/Logo_green_MAIN-768x233.png 768w, https:\/\/greenliftproject.eu\/wp\/wp-content\/uploads\/2025\/10\/Logo_green_MAIN.png 1504w\" sizes=\"auto, (max-width: 1024px) 100vw, 1024px\" \/><\/figure><div class=\"wp-block-media-text__content\">\n<p>W4Tex \u00e4r ett europeiskt partnerskap som fokuserar p\u00e5 innovation, h\u00e5llbarhet och utbildning inom textil- och modebranschen. Det samlar institutioner fr\u00e5n Sverige, Grekland, Spanien, Italien, Belgien, Luxemburg och Ukraina f\u00f6r att fr\u00e4mja cirkul\u00e4ra ekonomimodeller, yrkesutbildning och kreativt samarbete. Initiativet st\u00f6der smarta textilier, digital omvandling och gr\u00e4ns\u00f6verskridande samarbete f\u00f6r att f\u00f6rb\u00e4ttra kompetens och fr\u00e4mja h\u00e5llbar utveckling inom branschen.<\/p>\n\n\n\n<p><a href=\"https:\/\/www.w4tex-project.eu\/\">Webbplatser<\/a><\/p>\n<\/div><\/div>\n\n\n\n<div class=\"wp-block-media-text is-stacked-on-mobile\" style=\"grid-template-columns:15% auto\"><figure class=\"wp-block-media-text__media\"><img loading=\"lazy\" decoding=\"async\" width=\"904\" height=\"421\" src=\"https:\/\/greenliftproject.eu\/wp\/wp-content\/uploads\/2025\/10\/Screenshot-2025-10-31-164531.png\" alt=\"\" class=\"wp-image-2733 size-full\" srcset=\"https:\/\/greenliftproject.eu\/wp\/wp-content\/uploads\/2025\/10\/Screenshot-2025-10-31-164531.png 904w, https:\/\/greenliftproject.eu\/wp\/wp-content\/uploads\/2025\/10\/Screenshot-2025-10-31-164531-300x140.png 300w, https:\/\/greenliftproject.eu\/wp\/wp-content\/uploads\/2025\/10\/Screenshot-2025-10-31-164531-768x358.png 768w\" sizes=\"auto, (max-width: 904px) 100vw, 904px\" \/><\/figure><div class=\"wp-block-media-text__content\">\n<p>TECOFASH:s huvudsakliga m\u00e5l \u00e4r att bidra till en konkurrenskraftig och h\u00e5llbar europeisk modeindustri.\nProjektet fokuserar p\u00e5 f\u00f6rm\u00e5gan hos yrkesverksamma inom sm\u00e5 och medelstora f\u00f6retag och nystartade f\u00f6retag att omorientera sina verksamheter mot cirkul\u00e4ra aff\u00e4rsmodeller och milj\u00f6m\u00e4ssig och h\u00e5llbar innovation, vilket uppn\u00e5s genom samarbete och utbildning \u00f6ver generations- och nationsgr\u00e4nser. V\u00e5r utbildning tar h\u00e4nsyn till de tre grundl\u00e4ggande principerna i Elkingtons teori: ekonomiska, sociala och milj\u00f6m\u00e4ssiga, som \u00e4r v\u00e4sentliga f\u00f6r h\u00e5llbarhet.<br><br><a href=\"https:\/\/tecofash.erasmus.site\"><\/a><a href=\"https:\/\/tecofash.erasmus.site\/\">Webbplatser<\/a><br><\/p>\n<\/div><\/div>\n\n\n\n<div class=\"wp-block-media-text is-stacked-on-mobile\" style=\"grid-template-columns:15% auto\"><figure class=\"wp-block-media-text__media\"><img loading=\"lazy\" decoding=\"async\" width=\"310\" height=\"292\" src=\"https:\/\/greenliftproject.eu\/wp\/wp-content\/uploads\/2025\/10\/UNBOXING_logo.png\" alt=\"\" class=\"wp-image-2734 size-full\" srcset=\"https:\/\/greenliftproject.eu\/wp\/wp-content\/uploads\/2025\/10\/UNBOXING_logo.png 310w, https:\/\/greenliftproject.eu\/wp\/wp-content\/uploads\/2025\/10\/UNBOXING_logo-300x283.png 300w\" sizes=\"auto, (max-width: 310px) 100vw, 310px\" \/><\/figure><div class=\"wp-block-media-text__content\">\n<p>UNBOXING-projektet fokuserar p\u00e5 att utbilda arbetstagare inom textil-, kl\u00e4d-, l\u00e4der- och skobranschen (TCLF) i h\u00e5llbara f\u00f6rpacknings- och avfallshanteringsmetoder. Det tar itu med den h\u00f6ga f\u00f6rbrukningen av nya material \u2013 cirka 40 % av plasten och 50 % av papperet i EU \u2013 och st\u00f6der EU-initiativ som Green Deal och handlingsplanen f\u00f6r cirkul\u00e4r ekonomi. M\u00e5let \u00e4r att s\u00e4kerst\u00e4lla att allt f\u00f6rpackningsmaterial i EU \u00e4r \u00e5teranv\u00e4ndbart eller ekonomiskt \u00e5tervinningsbart senast 2030.<\/p>\n\n\n\n<p><a href=\"https:\/\/www.unboxing-project.eu\/\">Webbplatser<\/a><\/p>\n<\/div><\/div>\n\n\n\n<p><\/p>","protected":false},"excerpt":{"rendered":"<p>This page is dedicated to listing the sister projects of GreenLift. No Fake Fashion is an Erasmus+ cooperation partnership in Vocational Education and Training aimed at training fashion SMEs in the fight against counterfeits using modern technologies.Project Reference: 2024-1-RO01-KA220-VET-000243739 Website W4Tex is a European partnership focused on innovation, sustainability, and education in the textile and [&hellip;]<\/p>","protected":false},"author":6,"featured_media":0,"parent":0,"menu_order":0,"comment_status":"closed","ping_status":"closed","template":"","meta":{"footnotes":""},"class_list":["post-2632","page","type-page","status-publish","hentry"],"_links":{"self":[{"href":"https:\/\/greenliftproject.eu\/sv\/wp-json\/wp\/v2\/pages\/2632","targetHints":{"allow":["GET"]}}],"collection":[{"href":"https:\/\/greenliftproject.eu\/sv\/wp-json\/wp\/v2\/pages"}],"about":[{"href":"https:\/\/greenliftproject.eu\/sv\/wp-json\/wp\/v2\/types\/page"}],"author":[{"embeddable":true,"href":"https:\/\/greenliftproject.eu\/sv\/wp-json\/wp\/v2\/users\/6"}],"replies":[{"embeddable":true,"href":"https:\/\/greenliftproject.eu\/sv\/wp-json\/wp\/v2\/comments?post=2632"}],"version-history":[{"count":5,"href":"https:\/\/greenliftproject.eu\/sv\/wp-json\/wp\/v2\/pages\/2632\/revisions"}],"predecessor-version":[{"id":2933,"href":"https:\/\/greenliftproject.eu\/sv\/wp-json\/wp\/v2\/pages\/2632\/revisions\/2933"}],"wp:attachment":[{"href":"https:\/\/greenliftproject.eu\/sv\/wp-json\/wp\/v2\/media?parent=2632"}],"curies":[{"name":"wp","href":"https:\/\/api.w.org\/{rel}","templated":true}]}}