{"id":2632,"date":"2025-08-29T10:53:56","date_gmt":"2025-08-29T10:53:56","guid":{"rendered":"https:\/\/greenliftproject.eu\/?page_id=2632"},"modified":"2026-03-10T13:58:40","modified_gmt":"2026-03-10T13:58:40","slug":"projets-associes","status":"publish","type":"page","link":"https:\/\/greenliftproject.eu\/fr\/projets-associes\/","title":{"rendered":"Projets associ\u00e9s"},"content":{"rendered":"<p>Cette page r\u00e9pertorie les projets associ\u00e9s de GREEN-LIFT.<\/p>\n\n\n\n<div class=\"wp-block-media-text is-stacked-on-mobile\" style=\"grid-template-columns:15% auto\"><figure class=\"wp-block-media-text__media\"><img loading=\"lazy\" decoding=\"async\" width=\"1805\" height=\"1139\" src=\"https:\/\/greenliftproject.eu\/wp\/wp-content\/uploads\/2025\/10\/LOGO-NFF.png.webp\" alt=\"\" class=\"wp-image-2695 size-full\" srcset=\"https:\/\/greenliftproject.eu\/wp\/wp-content\/uploads\/2025\/10\/LOGO-NFF.png.webp 1805w, https:\/\/greenliftproject.eu\/wp\/wp-content\/uploads\/2025\/10\/LOGO-NFF.png-300x189.webp 300w, https:\/\/greenliftproject.eu\/wp\/wp-content\/uploads\/2025\/10\/LOGO-NFF.png-1024x646.webp 1024w, https:\/\/greenliftproject.eu\/wp\/wp-content\/uploads\/2025\/10\/LOGO-NFF.png-768x485.webp 768w, https:\/\/greenliftproject.eu\/wp\/wp-content\/uploads\/2025\/10\/LOGO-NFF.png-1536x969.webp 1536w\" sizes=\"auto, (max-width: 1805px) 100vw, 1805px\" \/><\/figure><div class=\"wp-block-media-text__content\">\n<p>No Fake Fashion est un partenariat Erasmus+ (EFP) pour l\u2019enseignement et la formation professionnel. Il forme les PME de la mode \u00e0 la lutte contre la contrefa\u00e7on gr\u00e2ce aux technologies modernes.<br>R\u00e9f\u00e9rence du projet : 2024-1-RO01-KA220-VET-000243739<\/p>\n\n\n\n<p><a href=\"https:\/\/www.nofakefashion.com\/en\/\">Site web<\/a><\/p>\n<\/div><\/div>\n\n\n\n<div class=\"wp-block-media-text is-stacked-on-mobile\" style=\"grid-template-columns:15% auto\"><figure class=\"wp-block-media-text__media\"><img loading=\"lazy\" decoding=\"async\" width=\"1024\" height=\"311\" src=\"https:\/\/greenliftproject.eu\/wp\/wp-content\/uploads\/2025\/10\/Logo_green_MAIN-1024x311.png\" alt=\"\" class=\"wp-image-2696 size-full\" srcset=\"https:\/\/greenliftproject.eu\/wp\/wp-content\/uploads\/2025\/10\/Logo_green_MAIN-1024x311.png 1024w, https:\/\/greenliftproject.eu\/wp\/wp-content\/uploads\/2025\/10\/Logo_green_MAIN-300x91.png 300w, https:\/\/greenliftproject.eu\/wp\/wp-content\/uploads\/2025\/10\/Logo_green_MAIN-768x233.png 768w, https:\/\/greenliftproject.eu\/wp\/wp-content\/uploads\/2025\/10\/Logo_green_MAIN.png 1504w\" sizes=\"auto, (max-width: 1024px) 100vw, 1024px\" \/><\/figure><div class=\"wp-block-media-text__content\">\n<p>W4Tex est un partenariat europ\u00e9en d\u00e9di\u00e9 \u00e0 l'innovation, \u00e0 la durabilit\u00e9 et \u00e0 la formation dans les secteurs du textile et de la mode. Il rassemble des institutions su\u00e9doises, grecques, espagnoles, italiennes, belges, luxembourgeoises et ukrainiennes afin de promouvoir les mod\u00e8les d'\u00e9conomie circulaire, la formation professionnelle et la collaboration cr\u00e9ative. L'initiative soutient les textiles intelligents, la transformation num\u00e9rique et la coop\u00e9ration transfrontali\u00e8re afin de renforcer les comp\u00e9tences et favoriser le d\u00e9veloppement durable de la fili\u00e8re.<\/p>\n\n\n\n<p><a href=\"https:\/\/www.w4tex-project.eu\/\">Site web<\/a><\/p>\n<\/div><\/div>\n\n\n\n<div class=\"wp-block-media-text is-stacked-on-mobile\" style=\"grid-template-columns:15% auto\"><figure class=\"wp-block-media-text__media\"><img loading=\"lazy\" decoding=\"async\" width=\"904\" height=\"421\" src=\"https:\/\/greenliftproject.eu\/wp\/wp-content\/uploads\/2025\/10\/Screenshot-2025-10-31-164531.png\" alt=\"\" class=\"wp-image-2733 size-full\" srcset=\"https:\/\/greenliftproject.eu\/wp\/wp-content\/uploads\/2025\/10\/Screenshot-2025-10-31-164531.png 904w, https:\/\/greenliftproject.eu\/wp\/wp-content\/uploads\/2025\/10\/Screenshot-2025-10-31-164531-300x140.png 300w, https:\/\/greenliftproject.eu\/wp\/wp-content\/uploads\/2025\/10\/Screenshot-2025-10-31-164531-768x358.png 768w\" sizes=\"auto, (max-width: 904px) 100vw, 904px\" \/><\/figure><div class=\"wp-block-media-text__content\">\n<p>L'objectif central de TECOFASH est de favoriser l'\u00e9mergence d'un secteur de la mode europ\u00e9en comp\u00e9titif et \u00e9coresponsable.\nLe projet renforce les comp\u00e9tences des professionnels de PME et de start-ups pour orienter leurs activit\u00e9s vers les mod\u00e8les circulaires et l'innovation durable. Cette mutation s'appuie sur la collaboration et la formation interg\u00e9n\u00e9rationnelle et internationale. Notre formation int\u00e8gre les trois principes fondamentaux de la th\u00e9orie d'Elkington : \u00e9conomique, social et environnemental, essentiels \u00e0 la d\u00e9marche de durabilit\u00e9.<br><br><a href=\"https:\/\/tecofash.erasmus.site\"><\/a><a href=\"https:\/\/tecofash.erasmus.site\/\">Site web<\/a><br><\/p>\n<\/div><\/div>\n\n\n\n<div class=\"wp-block-media-text is-stacked-on-mobile\" style=\"grid-template-columns:15% auto\"><figure class=\"wp-block-media-text__media\"><img loading=\"lazy\" decoding=\"async\" width=\"310\" height=\"292\" src=\"https:\/\/greenliftproject.eu\/wp\/wp-content\/uploads\/2025\/10\/UNBOXING_logo.png\" alt=\"\" class=\"wp-image-2734 size-full\" srcset=\"https:\/\/greenliftproject.eu\/wp\/wp-content\/uploads\/2025\/10\/UNBOXING_logo.png 310w, https:\/\/greenliftproject.eu\/wp\/wp-content\/uploads\/2025\/10\/UNBOXING_logo-300x283.png 300w\" sizes=\"auto, (max-width: 310px) 100vw, 310px\" \/><\/figure><div class=\"wp-block-media-text__content\">\n<p>Le projet UNBOXING forme les travailleurs du secteur de l'emballage des industries TCLF \u00e0 l'adoption de pratiques  durable et \u00e0 une gestion optimis\u00e9e des d\u00e9chets. Il s'attaque \u00e0 la forte consommation de mati\u00e8res vierges \u2014 qui repr\u00e9sente environ 40 % du plastique et 50 % du papier dans l'UE \u2014 et s'inscrit dans les initiatives europ\u00e9ennes comme le Pacte vert et le Plan d'action pour l'\u00e9conomie circulaire. L'objectif est de garantir que, d'ici 2030, tous les emballages sur le march\u00e9 de l'UE soient r\u00e9utilisables ou recyclables de mani\u00e8re rentable .<\/p>\n\n\n\n<p><a href=\"https:\/\/www.unboxing-project.eu\/\">Site web<\/a><\/p>\n<\/div><\/div>\n\n\n\n<p><\/p>","protected":false},"excerpt":{"rendered":"<p>This page is dedicated to listing the sister projects of GreenLift. No Fake Fashion is an Erasmus+ cooperation partnership in Vocational Education and Training aimed at training fashion SMEs in the fight against counterfeits using modern technologies.Project Reference: 2024-1-RO01-KA220-VET-000243739 Website W4Tex is a European partnership focused on innovation, sustainability, and education in the textile and [&hellip;]<\/p>","protected":false},"author":6,"featured_media":0,"parent":0,"menu_order":0,"comment_status":"closed","ping_status":"closed","template":"","meta":{"footnotes":""},"class_list":["post-2632","page","type-page","status-publish","hentry"],"_links":{"self":[{"href":"https:\/\/greenliftproject.eu\/fr\/wp-json\/wp\/v2\/pages\/2632","targetHints":{"allow":["GET"]}}],"collection":[{"href":"https:\/\/greenliftproject.eu\/fr\/wp-json\/wp\/v2\/pages"}],"about":[{"href":"https:\/\/greenliftproject.eu\/fr\/wp-json\/wp\/v2\/types\/page"}],"author":[{"embeddable":true,"href":"https:\/\/greenliftproject.eu\/fr\/wp-json\/wp\/v2\/users\/6"}],"replies":[{"embeddable":true,"href":"https:\/\/greenliftproject.eu\/fr\/wp-json\/wp\/v2\/comments?post=2632"}],"version-history":[{"count":5,"href":"https:\/\/greenliftproject.eu\/fr\/wp-json\/wp\/v2\/pages\/2632\/revisions"}],"predecessor-version":[{"id":2933,"href":"https:\/\/greenliftproject.eu\/fr\/wp-json\/wp\/v2\/pages\/2632\/revisions\/2933"}],"wp:attachment":[{"href":"https:\/\/greenliftproject.eu\/fr\/wp-json\/wp\/v2\/media?parent=2632"}],"curies":[{"name":"wp","href":"https:\/\/api.w.org\/{rel}","templated":true}]}}