{"id":2707,"date":"2025-10-30T19:53:54","date_gmt":"2025-10-30T19:53:54","guid":{"rendered":"https:\/\/greenliftproject.eu\/?page_id=2707"},"modified":"2026-02-05T14:08:30","modified_gmt":"2026-02-05T14:08:30","slug":"the-green-lift-consortium","status":"publish","type":"page","link":"https:\/\/greenliftproject.eu\/es\/the-green-lift-consortium\/","title":{"rendered":"Conozca a los socios del proyecto"},"content":{"rendered":"<div class=\"wp-block-media-text is-stacked-on-mobile\" style=\"grid-template-columns:20% auto\"><figure class=\"wp-block-media-text__media\"><img loading=\"lazy\" decoding=\"async\" width=\"1024\" height=\"195\" src=\"https:\/\/greenliftproject.eu\/wp\/wp-content\/uploads\/2025\/11\/hb_en_logo2_cmyk-1024x195.jpg\" alt=\"\" class=\"wp-image-2744 size-full\" srcset=\"https:\/\/greenliftproject.eu\/wp\/wp-content\/uploads\/2025\/11\/hb_en_logo2_cmyk-1024x195.jpg 1024w, https:\/\/greenliftproject.eu\/wp\/wp-content\/uploads\/2025\/11\/hb_en_logo2_cmyk-300x57.jpg 300w, https:\/\/greenliftproject.eu\/wp\/wp-content\/uploads\/2025\/11\/hb_en_logo2_cmyk-768x147.jpg 768w, https:\/\/greenliftproject.eu\/wp\/wp-content\/uploads\/2025\/11\/hb_en_logo2_cmyk-1536x293.jpg 1536w, https:\/\/greenliftproject.eu\/wp\/wp-content\/uploads\/2025\/11\/hb_en_logo2_cmyk-2048x391.jpg 2048w\" sizes=\"auto, (max-width: 1024px) 100vw, 1024px\" \/><\/figure><div class=\"wp-block-media-text__content\">\n<p>La Escuela Sueca de Textiles de la Universidad de Bor\u00e5s es una de las escuelas de moda m\u00e1s importantes del mundo. Contribuye decisivamente al liderazgo de Suecia en moda sostenible y es un motor clave en el desarrollo de los textiles del futuro. Entre sus exalumnos se encuentran varios dise\u00f1adores de renombre internacional. La escuela tiene sus ra\u00edces en Bor\u00e5s, la larga y orgullosa tradici\u00f3n de Suecia como centro de la industria textil sueca. En 1866, la Escuela T\u00e9cnica de Tejidos de Bor\u00e5s puso en marcha su programa de formaci\u00f3n textil. Este fue un pilar fundamental de la Escuela Sueca de Textiles, que hoy en d\u00eda es un referente mundial en el sector textil y de la moda, tanto en educaci\u00f3n como en investigaci\u00f3n. Cuenta con una experiencia \u00fanica en dise\u00f1o textil y de moda, ingenier\u00eda textil y gesti\u00f3n textil. La investigaci\u00f3n y las colaboraciones de vanguardia se llevan a cabo en los avanzados laboratorios de la universidad. El entorno textil tiene su sede en el Centro de Moda Textil de Bor\u00e5s, un centro creativo donde la educaci\u00f3n, los negocios, la industria y la innovaci\u00f3n colaboran bajo un mismo techo.<\/p>\n\n\n\n<p><a href=\"https:\/\/www.hb.se\/en\/the-swedish-school-of-textiles\/\">Sitio web del socio<\/a><\/p>\n<\/div><\/div>\n\n\n\n<div style=\"height:50px\" aria-hidden=\"true\" class=\"wp-block-spacer\"><\/div>\n\n\n\n<div class=\"wp-block-media-text is-stacked-on-mobile\" style=\"grid-template-columns:20% auto\"><figure class=\"wp-block-media-text__media\"><img loading=\"lazy\" decoding=\"async\" width=\"320\" height=\"76\" src=\"https:\/\/greenliftproject.eu\/wp\/wp-content\/uploads\/2025\/07\/kainotomia-logo-header.png\" alt=\"\" class=\"wp-image-2623 size-full\" srcset=\"https:\/\/greenliftproject.eu\/wp\/wp-content\/uploads\/2025\/07\/kainotomia-logo-header.png 320w, https:\/\/greenliftproject.eu\/wp\/wp-content\/uploads\/2025\/07\/kainotomia-logo-header-300x71.png 300w\" sizes=\"auto, (max-width: 320px) 100vw, 320px\" \/><\/figure><div class=\"wp-block-media-text__content\">\n<p>KAINOTOMIA es una Instituci\u00f3n de Formaci\u00f3n Profesional fundada en 2013 por un grupo de personas con experiencia y un compromiso permanente con el aprendizaje. El objetivo de KAINOTOMIA es implementar programas de formaci\u00f3n profesional continua dirigidos a j\u00f3venes, desempleados, educadores de todos los niveles educativos, estudiantes de educaci\u00f3n superior, trabajadores por cuenta propia y aut\u00f3nomos, y grupos sociales vulnerables (migrantes, refugiados, personas con discapacidad), para el desarrollo de oportunidades profesionales y su promoci\u00f3n e integraci\u00f3n en el mercado laboral y la sociedad en general. KAINOTOMIA ofrece consultor\u00eda empresarial a empresas y servicios de apoyo y consultor\u00eda a los aprendices para facilitar su (re)entrada al mercado laboral. KAINOTOMIA ha participado en varios proyectos nacionales, ofreciendo un alto grado de experiencia en formaci\u00f3n en campos contempor\u00e1neos, adapt\u00e1ndolos a aquellos con mayor demanda en el mercado laboral, con el fin de desarrollar los conocimientos, habilidades y actitudes de los aprendices para su integraci\u00f3n en el mercado laboral. <\/p>\n\n\n\n<p><a href=\"https:\/\/kainotomia.com.gr\/en\/european-training-programs\/\">Sitio web del socio<\/a><\/p>\n<\/div><\/div>\n\n\n\n<div style=\"height:50px\" aria-hidden=\"true\" class=\"wp-block-spacer\"><\/div>\n\n\n\n<div class=\"wp-block-media-text is-stacked-on-mobile\" style=\"grid-template-columns:20% auto\"><figure class=\"wp-block-media-text__media\"><img loading=\"lazy\" decoding=\"async\" width=\"1024\" height=\"1024\" src=\"https:\/\/greenliftproject.eu\/wp\/wp-content\/uploads\/2025\/07\/LZsquare-logo-1024x1024.jpg\" alt=\"\" class=\"wp-image-2624 size-full\" srcset=\"https:\/\/greenliftproject.eu\/wp\/wp-content\/uploads\/2025\/07\/LZsquare-logo-1024x1024.jpg 1024w, https:\/\/greenliftproject.eu\/wp\/wp-content\/uploads\/2025\/07\/LZsquare-logo-300x300.jpg 300w, https:\/\/greenliftproject.eu\/wp\/wp-content\/uploads\/2025\/07\/LZsquare-logo-150x150.jpg 150w, https:\/\/greenliftproject.eu\/wp\/wp-content\/uploads\/2025\/07\/LZsquare-logo-768x768.jpg 768w, https:\/\/greenliftproject.eu\/wp\/wp-content\/uploads\/2025\/07\/LZsquare-logo-1536x1536.jpg 1536w, https:\/\/greenliftproject.eu\/wp\/wp-content\/uploads\/2025\/07\/LZsquare-logo-2048x2048.jpg 2048w, https:\/\/greenliftproject.eu\/wp\/wp-content\/uploads\/2025\/07\/LZsquare-logo-600x600.jpg 600w\" sizes=\"auto, (max-width: 1024px) 100vw, 1024px\" \/><\/figure><div class=\"wp-block-media-text__content\">\n<p>Lottozero es un centro internacional de dise\u00f1o textil, arte y cultura, ubicado en el hist\u00f3rico distrito textil de Prato. Funciona como estudio de consultor\u00eda y centro creativo, e incluye una galer\u00eda y espacio expositivo, un estudio de coworking compartido y un laboratorio textil totalmente equipado para producci\u00f3n, experimentaci\u00f3n e investigaci\u00f3n. Fundado en 2014 y activo desde 2017, el equipo de cuatro personas de Lottozero trabaja para fomentar la creatividad, la innovaci\u00f3n y la colaboraci\u00f3n internacional en el sector textil. Su fuerte conexi\u00f3n con el distrito local lo distingue, conectando empresas textiles tradicionales con dise\u00f1adores emergentes para fomentar el intercambio creativo y la reinterpretaci\u00f3n contempor\u00e1nea de la artesan\u00eda textil.<\/p>\n\n\n\n<p><a href=\"https:\/\/www.lottozero.org\/\">Sitio web del socio<\/a><\/p>\n<\/div><\/div>\n\n\n\n<div style=\"height:50px\" aria-hidden=\"true\" class=\"wp-block-spacer\"><\/div>\n\n\n\n<div class=\"wp-block-media-text is-stacked-on-mobile\" style=\"grid-template-columns:20% auto\"><figure class=\"wp-block-media-text__media\"><img loading=\"lazy\" decoding=\"async\" width=\"825\" height=\"818\" src=\"https:\/\/greenliftproject.eu\/wp\/wp-content\/uploads\/2025\/10\/logo_uniwa_black.png\" alt=\"\" class=\"wp-image-2639 size-full\" srcset=\"https:\/\/greenliftproject.eu\/wp\/wp-content\/uploads\/2025\/10\/logo_uniwa_black.png 825w, https:\/\/greenliftproject.eu\/wp\/wp-content\/uploads\/2025\/10\/logo_uniwa_black-300x297.png 300w, https:\/\/greenliftproject.eu\/wp\/wp-content\/uploads\/2025\/10\/logo_uniwa_black-150x150.png 150w, https:\/\/greenliftproject.eu\/wp\/wp-content\/uploads\/2025\/10\/logo_uniwa_black-768x761.png 768w\" sizes=\"auto, (max-width: 825px) 100vw, 825px\" \/><\/figure><div class=\"wp-block-media-text__content\">\n<p>La Universidad de \u00c1tica Occidental (UNIWA) es una din\u00e1mica universidad p\u00fablica en Grecia, fundada en 2018 mediante la fusi\u00f3n de dos importantes instituciones tecnol\u00f3gicas. Es una de las universidades m\u00e1s grandes del pa\u00eds, con seis facultades y veintisiete departamentos que abarcan una amplia gama de disciplinas, como ingenier\u00eda, dise\u00f1o, ciencias de la salud, administraci\u00f3n y artes aplicadas.<br>UNIWA prioriza la investigaci\u00f3n, la innovaci\u00f3n y la colaboraci\u00f3n internacional, participando activamente en numerosos proyectos europeos y nacionales. Su misi\u00f3n es conectar el mundo acad\u00e9mico con la industria y la sociedad, promoviendo la sostenibilidad, la econom\u00eda circular y el avance tecnol\u00f3gico mediante la educaci\u00f3n y la investigaci\u00f3n aplicada.<\/p>\n\n\n\n<p><a href=\"http:\/\/www.uniwa.gr\" data-type=\"link\" data-id=\"www.uniwa.gr\">Sitio web del socio<\/a><\/p>\n<\/div><\/div>\n\n\n\n<div style=\"height:50px\" aria-hidden=\"true\" class=\"wp-block-spacer\"><\/div>\n\n\n\n<div class=\"wp-block-media-text is-stacked-on-mobile\" style=\"grid-template-columns:20% auto\"><figure class=\"wp-block-media-text__media\"><img loading=\"lazy\" decoding=\"async\" width=\"1024\" height=\"1024\" src=\"https:\/\/greenliftproject.eu\/wp\/wp-content\/uploads\/2025\/07\/meus-final-1024x1024.png\" alt=\"\" class=\"wp-image-2625 size-full\" srcset=\"https:\/\/greenliftproject.eu\/wp\/wp-content\/uploads\/2025\/07\/meus-final-1024x1024.png 1024w, https:\/\/greenliftproject.eu\/wp\/wp-content\/uploads\/2025\/07\/meus-final-300x300.png 300w, https:\/\/greenliftproject.eu\/wp\/wp-content\/uploads\/2025\/07\/meus-final-150x150.png 150w, https:\/\/greenliftproject.eu\/wp\/wp-content\/uploads\/2025\/07\/meus-final-768x768.png 768w, https:\/\/greenliftproject.eu\/wp\/wp-content\/uploads\/2025\/07\/meus-final-1536x1536.png 1536w, https:\/\/greenliftproject.eu\/wp\/wp-content\/uploads\/2025\/07\/meus-final-2048x2048.png 2048w, https:\/\/greenliftproject.eu\/wp\/wp-content\/uploads\/2025\/07\/meus-final-600x600.png 600w\" sizes=\"auto, (max-width: 1024px) 100vw, 1024px\" \/><\/figure><div class=\"wp-block-media-text__content\">\n<p>MEUS es una organizaci\u00f3n privada con sede en Valencia, Espa\u00f1a, cuyo objetivo es mejorar las capacidades de las personas en su entorno, tanto profesional como privado, as\u00ed como en todas las etapas de su vida, desde la educaci\u00f3n escolar hasta la de adultos. En l\u00ednea con la estrategia educativa europea, MEUS trabaja en el desarrollo de nuevos materiales y metodolog\u00edas formativas adaptadas a los diferentes objetivos y necesidades del mercado econ\u00f3mico, para mejorar la integraci\u00f3n laboral. MEUS es experta en nuevos m\u00e9todos de aprendizaje, basados \u200b\u200ben m\u00e9todos participativos y colaborativos. El segundo enfoque principal de la organizaci\u00f3n es el desarrollo sostenible, y considera las preocupaciones ambientales, as\u00ed como el crecimiento sostenible y el desarrollo local, como un elemento clave de su misi\u00f3n, promoviendo cambios de comportamiento en la sociedad para adaptarse a las necesidades actuales (consumo sostenible, optimizaci\u00f3n de residuos, etc.). MEUS explora y promueve modelos de negocio sostenibles, buscando la implementaci\u00f3n de las mejores pr\u00e1cticas de RSE. MEUS apoya firmemente los sectores nuevos y en crecimiento de la econom\u00eda y est\u00e1 atento a los cambios sociales, por eso nos involucramos particularmente en temas como la econom\u00eda verde (y las competencias verdes), la econom\u00eda naranja (cultura), las TIC, la adaptaci\u00f3n al envejecimiento de la poblaci\u00f3n y las nuevas caracter\u00edsticas demogr\u00e1ficas que generan una mayor demanda de servicios presenciales, etc.<\/p>\n\n\n\n<p><a href=\"https:\/\/meuskills.eu\">Sitio web del socio<\/a><\/p>\n<\/div><\/div>\n\n\n\n<div style=\"height:50px\" aria-hidden=\"true\" class=\"wp-block-spacer\"><\/div>\n\n\n\n<div class=\"wp-block-media-text is-stacked-on-mobile\" style=\"grid-template-columns:20% auto\"><figure class=\"wp-block-media-text__media\"><img loading=\"lazy\" decoding=\"async\" width=\"1024\" height=\"257\" src=\"https:\/\/greenliftproject.eu\/wp\/wp-content\/uploads\/2025\/10\/logo_rectangle_version_png-1024x257.png\" alt=\"\" class=\"wp-image-2710 size-full\" srcset=\"https:\/\/greenliftproject.eu\/wp\/wp-content\/uploads\/2025\/10\/logo_rectangle_version_png-1024x257.png 1024w, https:\/\/greenliftproject.eu\/wp\/wp-content\/uploads\/2025\/10\/logo_rectangle_version_png-300x75.png 300w, https:\/\/greenliftproject.eu\/wp\/wp-content\/uploads\/2025\/10\/logo_rectangle_version_png-768x193.png 768w, https:\/\/greenliftproject.eu\/wp\/wp-content\/uploads\/2025\/10\/logo_rectangle_version_png-1536x385.png 1536w, https:\/\/greenliftproject.eu\/wp\/wp-content\/uploads\/2025\/10\/logo_rectangle_version_png-2048x514.png 2048w\" sizes=\"auto, (max-width: 1024px) 100vw, 1024px\" \/><\/figure><div class=\"wp-block-media-text__content\">\n<p>Infinitivity Design Labs (IDL) es un estudio franc\u00e9s de dise\u00f1o e investigaci\u00f3n con sede en Le Puy-en-Velay. Se especializa en dise\u00f1o de experiencia de usuario (UX), gamificaci\u00f3n, juegos serios e inteligencia artificial centrada en el usuario. IDL se centra en diversos campos, como la transformaci\u00f3n digital, el dise\u00f1o de experiencias de aprendizaje y la investigaci\u00f3n y el desarrollo. El estudio participa en m\u00faltiples proyectos de investigaci\u00f3n de la UE y ha recibido numerosos premios internacionales por sus proyectos educativos. IDL tambi\u00e9n ofrece servicios de consultor\u00eda en arquitectura de la informaci\u00f3n, pruebas de usuario y design thinking.<\/p>\n\n\n\n<p><a href=\"https:\/\/infinitivitydesignlabs.com\/\">Sitio web del socio<\/a><\/p>\n<\/div><\/div>\n\n\n\n<div style=\"height:50px\" aria-hidden=\"true\" class=\"wp-block-spacer\"><\/div>\n\n\n\n<div class=\"wp-block-media-text is-stacked-on-mobile\" style=\"grid-template-columns:20% auto\"><figure class=\"wp-block-media-text__media\"><img loading=\"lazy\" decoding=\"async\" width=\"1024\" height=\"362\" src=\"https:\/\/greenliftproject.eu\/wp\/wp-content\/uploads\/2025\/07\/UPV_color-1024x362.png\" alt=\"\" class=\"wp-image-2628 size-full\" srcset=\"https:\/\/greenliftproject.eu\/wp\/wp-content\/uploads\/2025\/07\/UPV_color-1024x362.png 1024w, https:\/\/greenliftproject.eu\/wp\/wp-content\/uploads\/2025\/07\/UPV_color-300x106.png 300w, https:\/\/greenliftproject.eu\/wp\/wp-content\/uploads\/2025\/07\/UPV_color-768x271.png 768w, https:\/\/greenliftproject.eu\/wp\/wp-content\/uploads\/2025\/07\/UPV_color-1536x543.png 1536w, https:\/\/greenliftproject.eu\/wp\/wp-content\/uploads\/2025\/07\/UPV_color.png 1607w\" sizes=\"auto, (max-width: 1024px) 100vw, 1024px\" \/><\/figure><div class=\"wp-block-media-text__content\">\n<p>La UPV es una instituci\u00f3n p\u00fablica de educaci\u00f3n superior que participa activamente en proyectos de cooperaci\u00f3n y movilidad internacional. La UPV acoge a cerca de 30.000 estudiantes y emplea a m\u00e1s de 4.000 personas (personal docente, investigador y de administraci\u00f3n y administraci\u00f3n). Es la primera universidad tecnol\u00f3gica de Espa\u00f1a seg\u00fan rankings internacionales (p. ej., el Ranking de Universidades del Mundo de Shangh\u00e1i) y ofrece 45 programas de grado, m\u00e1s de 85 m\u00e1steres oficiales y 30 programas de doctorado. La UPV tiene una amplia experiencia en el Programa Erasmus+, que abarca las tres Acciones Clave. La UPV participa actualmente en m\u00e1s de 40 proyectos E+ en marcha, tanto como socio como coordinador. GIITEX (Grupo de Gesti\u00f3n Integral de la Industria Textil) est\u00e1 formado por un grupo de profesores que imparten docencia en diferentes grados y m\u00e1steres relacionados con la industria textil.<\/p>\n\n\n\n<p><a href=\"https:\/\/www.upv.es\/index-en.html\">Sitio web del socio<\/a><\/p>\n<\/div><\/div>\n\n\n\n<div style=\"height:50px\" aria-hidden=\"true\" class=\"wp-block-spacer\"><\/div>\n\n\n\n<div class=\"wp-block-media-text is-stacked-on-mobile\" style=\"grid-template-columns:20% auto\"><figure class=\"wp-block-media-text__media\"><img loading=\"lazy\" decoding=\"async\" width=\"300\" height=\"142\" src=\"https:\/\/greenliftproject.eu\/wp\/wp-content\/uploads\/2025\/07\/bettina-2.png\" alt=\"\" class=\"wp-image-2622 size-full\"\/><\/figure><div class=\"wp-block-media-text__content\">\n<p>BETTINA, fundada en 1995, es una importante exportadora textil griega especializada en ropa de cama de alta calidad para el hogar. Con sede en unas instalaciones de 26 hect\u00e1reas en Larisa, emplea a m\u00e1s de 140 profesionales y exporta el 100 % de sus productos a los mercados de la UE. Su sistema de producci\u00f3n integrado incluye unidades de tejido, te\u00f1ido y acabado, con una capacidad de hasta 20 000 s\u00e1banas diarias. BETTINA prioriza la formaci\u00f3n de sus empleados, las tecnolog\u00edas de eficiencia energ\u00e9tica y las pr\u00e1cticas sostenibles, como la recuperaci\u00f3n de calor residual y la gesti\u00f3n ecol\u00f3gica de los recursos. La empresa cumple con los m\u00e1s estrictos est\u00e1ndares europeos y cuenta con cinco certificaciones de calidad, incluida la prestigiosa STeP by OEKO-TEX\u00ae. Con un fuerte enfoque en la innovaci\u00f3n, la seguridad y la responsabilidad ambiental, BETTINA es un ejemplo de excelencia en la fabricaci\u00f3n textil moderna en toda Europa.<\/p>\n\n\n\n<p><a href=\"https:\/\/www.seve.gr\/en\/company\/bettina-s-a\/\" data-type=\"link\" data-id=\"https:\/\/www.seve.gr\/en\/company\/bettina-s-a\/\">Sitio web del socio<\/a><\/p>\n<\/div><\/div>\n\n\n\n<p><\/p>","protected":false},"excerpt":{"rendered":"<p>The Swedish School of Textiles at the University of Bor\u00e5s is one of the world&#8217;s leading fashion schools. It is a strong contributor to Sweden\u2019s role as a leader in sustainable fashion and a driving force in the development of future textiles. Among its alumni are several internationally recognised designers. The school has its roots [&hellip;]<\/p>","protected":false},"author":6,"featured_media":0,"parent":0,"menu_order":0,"comment_status":"closed","ping_status":"closed","template":"","meta":{"footnotes":""},"class_list":["post-2707","page","type-page","status-publish","hentry"],"_links":{"self":[{"href":"https:\/\/greenliftproject.eu\/es\/wp-json\/wp\/v2\/pages\/2707","targetHints":{"allow":["GET"]}}],"collection":[{"href":"https:\/\/greenliftproject.eu\/es\/wp-json\/wp\/v2\/pages"}],"about":[{"href":"https:\/\/greenliftproject.eu\/es\/wp-json\/wp\/v2\/types\/page"}],"author":[{"embeddable":true,"href":"https:\/\/greenliftproject.eu\/es\/wp-json\/wp\/v2\/users\/6"}],"replies":[{"embeddable":true,"href":"https:\/\/greenliftproject.eu\/es\/wp-json\/wp\/v2\/comments?post=2707"}],"version-history":[{"count":5,"href":"https:\/\/greenliftproject.eu\/es\/wp-json\/wp\/v2\/pages\/2707\/revisions"}],"predecessor-version":[{"id":2847,"href":"https:\/\/greenliftproject.eu\/es\/wp-json\/wp\/v2\/pages\/2707\/revisions\/2847"}],"wp:attachment":[{"href":"https:\/\/greenliftproject.eu\/es\/wp-json\/wp\/v2\/media?parent=2707"}],"curies":[{"name":"wp","href":"https:\/\/api.w.org\/{rel}","templated":true}]}}