{"id":2632,"date":"2025-08-29T10:53:56","date_gmt":"2025-08-29T10:53:56","guid":{"rendered":"https:\/\/greenliftproject.eu\/?page_id=2632"},"modified":"2026-03-10T13:58:40","modified_gmt":"2026-03-10T13:58:40","slug":"acerca-del-proyecto","status":"publish","type":"page","link":"https:\/\/greenliftproject.eu\/es\/acerca-del-proyecto\/","title":{"rendered":"Proyectos hermanos"},"content":{"rendered":"<p>Esta p\u00e1gina est\u00e1 dedicada a presentar los proyectos hermanos de GREEN-LIFT.<\/p>\n\n\n\n<div class=\"wp-block-media-text is-stacked-on-mobile\" style=\"grid-template-columns:15% auto\"><figure class=\"wp-block-media-text__media\"><img loading=\"lazy\" decoding=\"async\" width=\"1805\" height=\"1139\" src=\"https:\/\/greenliftproject.eu\/wp\/wp-content\/uploads\/2025\/10\/LOGO-NFF.png.webp\" alt=\"\" class=\"wp-image-2695 size-full\" srcset=\"https:\/\/greenliftproject.eu\/wp\/wp-content\/uploads\/2025\/10\/LOGO-NFF.png.webp 1805w, https:\/\/greenliftproject.eu\/wp\/wp-content\/uploads\/2025\/10\/LOGO-NFF.png-300x189.webp 300w, https:\/\/greenliftproject.eu\/wp\/wp-content\/uploads\/2025\/10\/LOGO-NFF.png-1024x646.webp 1024w, https:\/\/greenliftproject.eu\/wp\/wp-content\/uploads\/2025\/10\/LOGO-NFF.png-768x485.webp 768w, https:\/\/greenliftproject.eu\/wp\/wp-content\/uploads\/2025\/10\/LOGO-NFF.png-1536x969.webp 1536w\" sizes=\"auto, (max-width: 1805px) 100vw, 1805px\" \/><\/figure><div class=\"wp-block-media-text__content\">\n<p>No Fake Fashion es una asociaci\u00f3n de cooperaci\u00f3n Erasmus+ en materia de educaci\u00f3n y formaci\u00f3n profesional cuyo objetivo es formar a las pymes del sector de la moda en la lucha contra las falsificaciones mediante el uso de tecnolog\u00edas modernas.<br>Referencia del proyecto: 2024-1-RO01-KA220-VET-000243739<\/p>\n\n\n\n<p><a href=\"https:\/\/www.nofakefashion.com\/en\/\">Sitio web<\/a><\/p>\n<\/div><\/div>\n\n\n\n<div class=\"wp-block-media-text is-stacked-on-mobile\" style=\"grid-template-columns:15% auto\"><figure class=\"wp-block-media-text__media\"><img loading=\"lazy\" decoding=\"async\" width=\"1024\" height=\"311\" src=\"https:\/\/greenliftproject.eu\/wp\/wp-content\/uploads\/2025\/10\/Logo_green_MAIN-1024x311.png\" alt=\"\" class=\"wp-image-2696 size-full\" srcset=\"https:\/\/greenliftproject.eu\/wp\/wp-content\/uploads\/2025\/10\/Logo_green_MAIN-1024x311.png 1024w, https:\/\/greenliftproject.eu\/wp\/wp-content\/uploads\/2025\/10\/Logo_green_MAIN-300x91.png 300w, https:\/\/greenliftproject.eu\/wp\/wp-content\/uploads\/2025\/10\/Logo_green_MAIN-768x233.png 768w, https:\/\/greenliftproject.eu\/wp\/wp-content\/uploads\/2025\/10\/Logo_green_MAIN.png 1504w\" sizes=\"auto, (max-width: 1024px) 100vw, 1024px\" \/><\/figure><div class=\"wp-block-media-text__content\">\n<p>W4Tex es una asociaci\u00f3n europea centrada en la innovaci\u00f3n, la sostenibilidad y la educaci\u00f3n en los sectores textil y de la moda. Re\u00fane a instituciones de Suecia, Grecia, Espa\u00f1a, Italia, B\u00e9lgica, Luxemburgo y Ucrania para promover modelos de econom\u00eda circular, formaci\u00f3n profesional y colaboraci\u00f3n creativa. La iniciativa apoya los textiles inteligentes, la transformaci\u00f3n digital y la cooperaci\u00f3n transfronteriza para mejorar las competencias y fomentar el desarrollo sostenible en la industria.<\/p>\n\n\n\n<p><a href=\"https:\/\/www.w4tex-project.eu\/\">Sitio web<\/a><\/p>\n<\/div><\/div>\n\n\n\n<div class=\"wp-block-media-text is-stacked-on-mobile\" style=\"grid-template-columns:15% auto\"><figure class=\"wp-block-media-text__media\"><img loading=\"lazy\" decoding=\"async\" width=\"904\" height=\"421\" src=\"https:\/\/greenliftproject.eu\/wp\/wp-content\/uploads\/2025\/10\/Screenshot-2025-10-31-164531.png\" alt=\"\" class=\"wp-image-2733 size-full\" srcset=\"https:\/\/greenliftproject.eu\/wp\/wp-content\/uploads\/2025\/10\/Screenshot-2025-10-31-164531.png 904w, https:\/\/greenliftproject.eu\/wp\/wp-content\/uploads\/2025\/10\/Screenshot-2025-10-31-164531-300x140.png 300w, https:\/\/greenliftproject.eu\/wp\/wp-content\/uploads\/2025\/10\/Screenshot-2025-10-31-164531-768x358.png 768w\" sizes=\"auto, (max-width: 904px) 100vw, 904px\" \/><\/figure><div class=\"wp-block-media-text__content\">\n<p>El objetivo principal de TECOFASH es contribuir a una industria de la moda europea competitiva y sostenible.\nEl proyecto se centra en la capacidad de los profesionales que trabajan en pymes y start-ups para reorientar sus negocios hacia modelos de negocio circulares y la innovaci\u00f3n medioambiental y sostenible, lo que se consigue mediante la colaboraci\u00f3n y la formaci\u00f3n entre generaciones y nacionalidades. Nuestra formaci\u00f3n tiene en cuenta los tres principios fundamentales de la teor\u00eda de Elkington: econ\u00f3mico, social y medioambiental, que son esenciales para la sostenibilidad.<br><br><a href=\"https:\/\/tecofash.erasmus.site\"><\/a><a href=\"https:\/\/tecofash.erasmus.site\/\">Sitio web<\/a><br><\/p>\n<\/div><\/div>\n\n\n\n<div class=\"wp-block-media-text is-stacked-on-mobile\" style=\"grid-template-columns:15% auto\"><figure class=\"wp-block-media-text__media\"><img loading=\"lazy\" decoding=\"async\" width=\"310\" height=\"292\" src=\"https:\/\/greenliftproject.eu\/wp\/wp-content\/uploads\/2025\/10\/UNBOXING_logo.png\" alt=\"\" class=\"wp-image-2734 size-full\" srcset=\"https:\/\/greenliftproject.eu\/wp\/wp-content\/uploads\/2025\/10\/UNBOXING_logo.png 310w, https:\/\/greenliftproject.eu\/wp\/wp-content\/uploads\/2025\/10\/UNBOXING_logo-300x283.png 300w\" sizes=\"auto, (max-width: 310px) 100vw, 310px\" \/><\/figure><div class=\"wp-block-media-text__content\">\n<p>El proyecto UNBOXING se centra en la formaci\u00f3n de los trabajadores del sector del embalaje de textiles, prendas de vestir, cuero y calzado (TCLF) para que adopten pr\u00e1cticas sostenibles de embalaje y gesti\u00f3n de residuos. Aborda el elevado consumo de materiales v\u00edrgenes \u2014alrededor del 40 % de los pl\u00e1sticos y el 50 % del papel en la UE\u2014 y apoya iniciativas de la UE como el Pacto Verde y el Plan de Acci\u00f3n para la Econom\u00eda Circular. El objetivo es garantizar que todos los envases de la UE sean reutilizables o econ\u00f3micamente reciclables para 2030.<\/p>\n\n\n\n<p><a href=\"https:\/\/www.unboxing-project.eu\/\">Sitio web<\/a><\/p>\n<\/div><\/div>\n\n\n\n<p><\/p>","protected":false},"excerpt":{"rendered":"<p>This page is dedicated to listing the sister projects of GreenLift. No Fake Fashion is an Erasmus+ cooperation partnership in Vocational Education and Training aimed at training fashion SMEs in the fight against counterfeits using modern technologies.Project Reference: 2024-1-RO01-KA220-VET-000243739 Website W4Tex is a European partnership focused on innovation, sustainability, and education in the textile and [&hellip;]<\/p>","protected":false},"author":6,"featured_media":0,"parent":0,"menu_order":0,"comment_status":"closed","ping_status":"closed","template":"","meta":{"footnotes":""},"class_list":["post-2632","page","type-page","status-publish","hentry"],"_links":{"self":[{"href":"https:\/\/greenliftproject.eu\/es\/wp-json\/wp\/v2\/pages\/2632","targetHints":{"allow":["GET"]}}],"collection":[{"href":"https:\/\/greenliftproject.eu\/es\/wp-json\/wp\/v2\/pages"}],"about":[{"href":"https:\/\/greenliftproject.eu\/es\/wp-json\/wp\/v2\/types\/page"}],"author":[{"embeddable":true,"href":"https:\/\/greenliftproject.eu\/es\/wp-json\/wp\/v2\/users\/6"}],"replies":[{"embeddable":true,"href":"https:\/\/greenliftproject.eu\/es\/wp-json\/wp\/v2\/comments?post=2632"}],"version-history":[{"count":5,"href":"https:\/\/greenliftproject.eu\/es\/wp-json\/wp\/v2\/pages\/2632\/revisions"}],"predecessor-version":[{"id":2933,"href":"https:\/\/greenliftproject.eu\/es\/wp-json\/wp\/v2\/pages\/2632\/revisions\/2933"}],"wp:attachment":[{"href":"https:\/\/greenliftproject.eu\/es\/wp-json\/wp\/v2\/media?parent=2632"}],"curies":[{"name":"wp","href":"https:\/\/api.w.org\/{rel}","templated":true}]}}